{"id":110,"date":"2018-02-28T10:22:58","date_gmt":"2018-02-28T09:22:58","guid":{"rendered":"http:\/\/ap7.be\/?page_id=110"},"modified":"2026-03-14T23:53:35","modified_gmt":"2026-03-14T22:53:35","slug":"contactez-nous","status":"publish","type":"page","link":"https:\/\/ap7.be\/index.php\/contactez-nous\/","title":{"rendered":"Contactez-nous"},"content":{"rendered":"\n<div class=\"wp-block-group has-custom-vert-deau-background-color has-background has-global-padding is-layout-constrained wp-container-core-group-is-layout-f3a0300f wp-block-group-is-layout-constrained\" style=\"border-radius:15px;margin-top:var(--wp--preset--spacing--80);margin-bottom:var(--wp--preset--spacing--70);padding-top:var(--wp--preset--spacing--50);padding-right:var(--wp--preset--spacing--50);padding-bottom:var(--wp--preset--spacing--50);padding-left:var(--wp--preset--spacing--50);box-shadow:var(--wp--preset--shadow--natural)\">\n<div class=\"wp-block-columns is-layout-flex wp-container-core-columns-is-layout-28f84493 wp-block-columns-is-layout-flex\">\n<div class=\"wp-block-column is-vertically-aligned-center is-layout-flow wp-block-column-is-layout-flow\" style=\"flex-basis:50%\">\n<figure class=\"wp-block-image aligncenter size-full is-resized has-custom-border is-style-default\" style=\"margin-top:0;margin-right:0;margin-bottom:0;margin-left:0\"><img loading=\"lazy\" decoding=\"async\" width=\"720\" height=\"720\" src=\"https:\/\/ap7.be\/wp-content\/uploads\/2025\/10\/Vue-aerienne_7-Etoiles_Ombre-interieur.png\" alt=\"\" class=\"has-border-color has-custom-vert-deau-border-color wp-image-1597\" style=\"border-width:2px;border-radius:30px;width:362px;height:auto\" srcset=\"https:\/\/ap7.be\/wp-content\/uploads\/2025\/10\/Vue-aerienne_7-Etoiles_Ombre-interieur.png 720w, https:\/\/ap7.be\/wp-content\/uploads\/2025\/10\/Vue-aerienne_7-Etoiles_Ombre-interieur-300x300.png 300w, https:\/\/ap7.be\/wp-content\/uploads\/2025\/10\/Vue-aerienne_7-Etoiles_Ombre-interieur-150x150.png 150w\" sizes=\"auto, (max-width: 720px) 100vw, 720px\" \/><\/figure>\n<\/div>\n\n\n\n<div class=\"wp-block-column is-layout-flow wp-block-column-is-layout-flow\" style=\"flex-basis:50%\">\n<div class=\"wp-block-group wp-container-content-9dbf05af is-vertical is-content-justification-center is-layout-flex wp-container-core-group-is-layout-efef000b wp-block-group-is-layout-flex\" style=\"min-height:0px;padding-left:0\">\n<p class=\"has-text-align-center has-base-color has-text-color has-link-color has-amatic-sc-font-family wp-elements-72a8e51b88c540a3b9948ef91691c287\" style=\"margin-top:0;margin-right:0;margin-bottom:0;margin-left:0;padding-top:0;padding-bottom:0;padding-left:0;font-size:clamp(1.551rem, 1.551rem + ((1vw - 0.2rem) * 1.554), 2.6rem);font-style:normal;font-weight:700;letter-spacing:4px;line-height:1;text-transform:uppercase\"><strong><strong>\u00e9cole 7 \u00e9toiles<\/strong><\/strong><\/p>\n\n\n\n<div class=\"wp-block-group has-global-padding is-layout-constrained wp-container-core-group-is-layout-9773313b wp-block-group-is-layout-constrained\" style=\"border-radius:15px;margin-top:var(--wp--preset--spacing--20);margin-bottom:var(--wp--preset--spacing--20);padding-top:var(--wp--preset--spacing--40);padding-right:var(--wp--preset--spacing--40);padding-bottom:var(--wp--preset--spacing--40);padding-left:var(--wp--preset--spacing--40)\">\n<p class=\"has-text-align-center has-custom-bleu-fonc-color has-text-color has-link-color has-jost-font-family has-medium-font-size wp-elements-cde72763ae9d6d7eec454af5129ffb88\" style=\"margin-top:0;margin-right:0;margin-bottom:0;margin-left:0;padding-top:0;padding-bottom:0;padding-left:0;line-height:1;text-decoration:underline\"><em>Adresse<\/em><\/p>\n\n\n\n<p class=\"has-text-align-center has-base-color has-text-color has-link-color has-jost-font-family has-small-font-size wp-elements-363a03e49a817bbd895f975eefe1a1bb\" style=\"margin-top:var(--wp--preset--spacing--40);margin-bottom:0;padding-top:0;padding-right:var(--wp--preset--spacing--50);padding-bottom:0;padding-left:var(--wp--preset--spacing--50);line-height:1.5\"><a href=\"https:\/\/www.google.com\/maps\/place\/Rue+de+l'Etoile+Polaire+11,+1082+Berchem-Sainte-Agathe\/@50.8643465,4.2839172,18.25z\/data=!4m6!3m5!1s0x47c3c138ece05ad1:0x380a356daf2f1493!8m2!3d50.8642624!4d4.284584!16s%2Fg%2F11cpndb6hg?entry=ttu&amp;g_ep=EgoyMDI1MTAwMS4wIKXMDSoASAFQAw%3D%3D\" data-type=\"link\" data-id=\"https:\/\/www.google.com\/maps\/place\/Rue+de+l'Etoile+Polaire+11,+1082+Berchem-Sainte-Agathe\/@50.8643465,4.2839172,18.25z\/data=!4m6!3m5!1s0x47c3c138ece05ad1:0x380a356daf2f1493!8m2!3d50.8642624!4d4.284584!16s%2Fg%2F11cpndb6hg?entry=ttu&amp;g_ep=EgoyMDI1MTAwMS4wIKXMDSoASAFQAw%3D%3D\" target=\"_blank\" rel=\"noreferrer noopener\">Rue de l&rsquo;\u00c9toile Polaire 11<\/a><\/p>\n\n\n\n<p class=\"has-text-align-center has-base-color has-text-color has-link-color has-jost-font-family has-small-font-size wp-elements-9586fb3c1968a1886943c4c8b0bfb420\" style=\"margin-top:0;margin-bottom:0;padding-top:0;padding-right:var(--wp--preset--spacing--50);padding-bottom:0;padding-left:var(--wp--preset--spacing--50);line-height:1.5\">1082 Bruxelles<\/p>\n\n\n\n<p class=\"has-text-align-center has-custom-bleu-fonc-color has-text-color has-link-color has-jost-font-family has-medium-font-size wp-elements-f1173d44a1b1683523d5c1daf83018be\" style=\"margin-top:var(--wp--preset--spacing--50);padding-top:0;padding-bottom:0;padding-left:0;line-height:1;text-decoration:underline\"><em>Acc\u00e8s<\/em><\/p>\n\n\n\n<p class=\"has-text-align-center has-base-color has-text-color has-link-color has-jost-font-family has-small-font-size wp-elements-4c496215065ab9cc46287d5114a29680\" style=\"margin-top:var(--wp--preset--spacing--40);margin-bottom:0;padding-top:0;padding-bottom:0;padding-left:0;line-height:0.8\"><em>Ligne STIB<\/em> : <em>20 et 87<\/em><\/p>\n\n\n\n<p class=\"has-text-align-center has-base-color has-text-color has-link-color has-jost-font-family has-small-font-size wp-elements-3d6d297f69be4d124f5e4cb17b63a8ce\" style=\"margin-top:var(--wp--preset--spacing--30);margin-bottom:0;padding-top:0;padding-bottom:0;padding-left:0;line-height:0.8\"><em>Arr\u00eat <\/em>: <em><a href=\"https:\/\/www.stib-mivb.be\/accueil\/voyager\/temps-reel\/arrets?stop=1193A&amp;direction=v&amp;line=87\" target=\"_blank\" rel=\"noreferrer noopener\">Sept \u00e9toiles<\/a><\/em><\/p>\n\n\n\n<p class=\"has-text-align-center has-custom-bleu-fonc-color has-text-color has-link-color has-jost-font-family has-medium-font-size wp-elements-5231c902896b7218b1f2dc4cb67e976a\" style=\"margin-top:var(--wp--preset--spacing--50);padding-top:0;padding-bottom:0;padding-left:0;line-height:1;text-decoration:underline\"><em>T\u00e9l\u00e9phone<\/em><\/p>\n\n\n\n<p class=\"has-text-align-center has-base-color has-text-color has-link-color has-jost-font-family has-small-font-size wp-elements-b9d5cc0da0d3e607a34dce9958b5569a\" style=\"margin-top:var(--wp--preset--spacing--40);padding-top:0;padding-bottom:0;padding-left:0;line-height:1\">Secr\u00e9tariat : <em>02\/435.13.90<\/em><\/p>\n<\/div>\n<\/div>\n<\/div>\n<\/div>\n<\/div>\n\n\n<style id=\"wpforms-css-vars-879-block-267b0749-32ce-4581-9fb4-be7da8950b8a\">\n\t\t\t\t#wpforms-879.wpforms-block-267b0749-32ce-4581-9fb4-be7da8950b8a {\n\t\t\t\t--wpforms-label-color: #2f4b5d;\n--wpforms-label-sublabel-color: #ffffff;\n--wpforms-field-border-radius: 0px;\n--wpforms-field-border-color: #2f4b5d;\n--wpforms-field-border-color-spare: #2f4b5d;\n--wpforms-field-text-color: #2f4b5d;\n--wpforms-button-border-size: 2px;\n--wpforms-button-background-color: #2f4b5d;\n--wpforms-button-border-color: #00B4AD;\n--wpforms-field-size-input-height: 43px;\n--wpforms-field-size-input-spacing: 15px;\n--wpforms-field-size-font-size: 16px;\n--wpforms-field-size-line-height: 19px;\n--wpforms-field-size-padding-h: 14px;\n--wpforms-field-size-checkbox-size: 16px;\n--wpforms-field-size-sublabel-spacing: 5px;\n--wpforms-field-size-icon-size: 1;\n--wpforms-label-size-font-size: 16px;\n--wpforms-label-size-line-height: 19px;\n--wpforms-label-size-sublabel-font-size: 14px;\n--wpforms-label-size-sublabel-line-height: 17px;\n--wpforms-button-size-font-size: 14px;\n--wpforms-button-size-height: 37px;\n--wpforms-button-size-padding-h: 15px;\n--wpforms-button-size-margin-top: 5px;\n\t\t\t}\n\t\t\t<\/style><div class=\"wpforms-container wpforms-container-full wpforms-block wpforms-block-267b0749-32ce-4581-9fb4-be7da8950b8a wpforms-render-modern\" id=\"wpforms-879\"><form id=\"wpforms-form-879\" class=\"wpforms-validate wpforms-form wpforms-ajax-form\" data-formid=\"879\" method=\"post\" enctype=\"multipart\/form-data\" action=\"\/index.php\/wp-json\/wp\/v2\/pages\/110\" data-token=\"de39c4ecbf1f4275d83009613c586411\" data-token-time=\"1775945664\"><div class=\"wpforms-head-container\"><div class=\"wpforms-title\">Formulaire de contact de l\u2019AP7*<\/div><\/div><noscript class=\"wpforms-error-noscript\">Veuillez activer JavaScript dans votre navigateur pour remplir ce formulaire.<\/noscript><div id=\"wpforms-error-noscript\" style=\"display: none;\">Veuillez activer JavaScript dans votre navigateur pour remplir ce formulaire.<\/div><div class=\"wpforms-field-container\"><div id=\"wpforms-879-field_1-container\" class=\"wpforms-field wpforms-field-name\" data-field-id=\"1\"><fieldset><legend class=\"wpforms-field-label\">Nom <span class=\"wpforms-required-label\" aria-hidden=\"true\">*<\/span><\/legend><div class=\"wpforms-field-row wpforms-field-medium\"><div class=\"wpforms-field-row-block wpforms-first wpforms-one-half\"><input type=\"text\" id=\"wpforms-879-field_1\" class=\"wpforms-field-name-first wpforms-field-required\" name=\"wpforms[fields][1][first]\" placeholder=\"Pr\u00e9nom\" aria-errormessage=\"wpforms-879-field_1-error\" required><label for=\"wpforms-879-field_1\" class=\"wpforms-field-sublabel after wpforms-sublabel-hide\">Pr\u00e9nom<\/label><\/div><div class=\"wpforms-field-row-block wpforms-one-half\"><input type=\"text\" id=\"wpforms-879-field_1-last\" class=\"wpforms-field-name-last wpforms-field-required\" name=\"wpforms[fields][1][last]\" placeholder=\"Nom\" aria-errormessage=\"wpforms-879-field_1-last-error\" required><label for=\"wpforms-879-field_1-last\" class=\"wpforms-field-sublabel after wpforms-sublabel-hide\">Nom<\/label><\/div><\/div><\/fieldset><\/div><div id=\"wpforms-879-field_2-container\" class=\"wpforms-field wpforms-field-email\" data-field-id=\"2\"><label class=\"wpforms-field-label\" for=\"wpforms-879-field_2\">Adresse e-mail <span class=\"wpforms-required-label\" aria-hidden=\"true\">*<\/span><\/label><input type=\"email\" id=\"wpforms-879-field_2\" class=\"wpforms-field-medium wpforms-field-required\" name=\"wpforms[fields][2]\" placeholder=\"Votre e-mail\" spellcheck=\"false\" aria-errormessage=\"wpforms-879-field_2-error\" required><\/div>\t\t<div id=\"wpforms-879-field_4-container\"\n\t\t\tclass=\"wpforms-field wpforms-field-text\"\n\t\t\tdata-field-type=\"text\"\n\t\t\tdata-field-id=\"4\"\n\t\t\t>\n\t\t\t<label class=\"wpforms-field-label\" for=\"wpforms-879-field_4\" >Objet Adresse Commentaire<\/label>\n\t\t\t<input type=\"text\" id=\"wpforms-879-field_4\" class=\"wpforms-field-medium\" name=\"wpforms[fields][4]\" >\n\t\t<\/div>\n\t\t<div id=\"wpforms-879-field_5-container\" class=\"wpforms-field wpforms-field-text\" data-field-id=\"5\"><label class=\"wpforms-field-label\" for=\"wpforms-879-field_5\">Objet <span class=\"wpforms-required-label\" aria-hidden=\"true\">*<\/span><\/label><input type=\"text\" id=\"wpforms-879-field_5\" class=\"wpforms-field-medium wpforms-field-required\" name=\"wpforms[fields][5]\" placeholder=\"Sujet de votre message\" aria-errormessage=\"wpforms-879-field_5-error\" required><\/div><div id=\"wpforms-879-field_3-container\" class=\"wpforms-field wpforms-field-textarea\" data-field-id=\"3\"><label class=\"wpforms-field-label\" for=\"wpforms-879-field_3\">Commentaire ou message <span class=\"wpforms-required-label\" aria-hidden=\"true\">*<\/span><\/label><textarea id=\"wpforms-879-field_3\" class=\"wpforms-field-medium wpforms-field-required\" name=\"wpforms[fields][3]\" placeholder=\"R\u00e9digez votre message ...\" aria-errormessage=\"wpforms-879-field_3-error\" required><\/textarea><\/div><script>\n\t\t\t\t( function() {\n\t\t\t\t\tconst style = document.createElement( 'style' );\n\t\t\t\t\tstyle.appendChild( document.createTextNode( '#wpforms-879-field_4-container { position: absolute !important; overflow: hidden !important; display: inline !important; height: 1px !important; width: 1px !important; z-index: -1000 !important; padding: 0 !important; } #wpforms-879-field_4-container input { visibility: hidden; } #wpforms-conversational-form-page #wpforms-879-field_4-container label { counter-increment: none; }' ) );\n\t\t\t\t\tdocument.head.appendChild( style );\n\t\t\t\t\tdocument.currentScript?.remove();\n\t\t\t\t} )();\n\t\t\t<\/script><\/div><!-- .wpforms-field-container --><div class=\"wpforms-recaptcha-container wpforms-is-recaptcha wpforms-is-recaptcha-type-v3\" ><input type=\"hidden\" name=\"wpforms[recaptcha]\" value=\"\"><\/div><div class=\"wpforms-submit-container\" ><input type=\"hidden\" name=\"wpforms[id]\" value=\"879\"><input type=\"hidden\" name=\"page_title\" value=\"\"><input type=\"hidden\" name=\"page_url\" value=\"https:\/\/ap7.be\/index.php\/wp-json\/wp\/v2\/pages\/110\"><input type=\"hidden\" name=\"url_referer\" value=\"\"><button type=\"submit\" name=\"wpforms[submit]\" id=\"wpforms-submit-879\" class=\"wpforms-submit\" data-alt-text=\"Envoi...\" data-submit-text=\"Envoyer\" aria-live=\"assertive\" value=\"wpforms-submit\">Envoyer<\/button><img loading=\"lazy\" decoding=\"async\" src=\"https:\/\/ap7.be\/wp-content\/plugins\/wpforms-lite\/assets\/images\/submit-spin.svg\" class=\"wpforms-submit-spinner\" style=\"display: none;\" width=\"26\" height=\"26\" alt=\"Chargement en cours\"><\/div><\/form><\/div>  <!-- .wpforms-container -->\n\n\n<div style=\"height:50px\" aria-hidden=\"true\" class=\"wp-block-spacer\"><\/div>\n\n\n\n<p class=\"has-text-align-center has-custom-bleu-fonc-color has-text-color has-link-color has-jost-font-family wp-elements-9dccf7ff2b2a6c18c00d7a1f774a60d7\" style=\"margin-top:0;margin-bottom:0;padding-top:0;padding-right:0;padding-bottom:0;padding-left:0;font-size:0.8rem;font-style:italic;font-weight:400\">Ce site est prot\u00e9g\u00e9 par <strong>Google reCAPTCHA<\/strong> afin de pr\u00e9venir les abus automatis\u00e9s ou robots. L\u2019utilisation de ce service est soumise \u00e0 la <strong><a href=\"https:\/\/policies.google.com\/privacy\" target=\"_blank\" rel=\"noreferrer noopener\">politique de confidentialit\u00e9<\/a><\/strong> et aux <strong><a href=\"https:\/\/policies.google.com\/terms\">conditions d\u2019utilisation<\/a><\/strong> de Google.<\/p>\n","protected":false},"excerpt":{"rendered":"<p>\u00e9cole 7 \u00e9toiles Adresse Rue de l&rsquo;\u00c9toile Polaire 11 1082 Bruxelles Acc\u00e8s Ligne STIB : 20 et 87 Arr\u00eat : Sept \u00e9toiles T\u00e9l\u00e9phone Secr\u00e9tariat : 02\/435.13.90 Ce site est prot\u00e9g\u00e9&hellip;<\/p>\n","protected":false},"author":1,"featured_media":1597,"parent":0,"menu_order":4,"comment_status":"closed","ping_status":"closed","template":"pages","meta":{"_EventAllDay":false,"_EventTimezone":"","_EventStartDate":"","_EventEndDate":"","_EventStartDateUTC":"","_EventEndDateUTC":"","_EventShowMap":false,"_EventShowMapLink":false,"_EventURL":"","_EventCost":"","_EventCostDescription":"","_EventCurrencySymbol":"","_EventCurrencyCode":"","_EventCurrencyPosition":"","_EventDateTimeSeparator":"","_EventTimeRangeSeparator":"","_EventOrganizerID":[],"_EventVenueID":[],"_OrganizerEmail":"","_OrganizerPhone":"","_OrganizerWebsite":"","_VenueAddress":"","_VenueCity":"","_VenueCountry":"","_VenueProvince":"","_VenueState":"","_VenueZip":"","_VenuePhone":"","_VenueURL":"","_VenueStateProvince":"","_VenueLat":"","_VenueLng":"","_VenueShowMap":false,"_VenueShowMapLink":false,"footnotes":""},"class_list":["post-110","page","type-page","status-publish","has-post-thumbnail","hentry"],"_links":{"self":[{"href":"https:\/\/ap7.be\/index.php\/wp-json\/wp\/v2\/pages\/110","targetHints":{"allow":["GET"]}}],"collection":[{"href":"https:\/\/ap7.be\/index.php\/wp-json\/wp\/v2\/pages"}],"about":[{"href":"https:\/\/ap7.be\/index.php\/wp-json\/wp\/v2\/types\/page"}],"author":[{"embeddable":true,"href":"https:\/\/ap7.be\/index.php\/wp-json\/wp\/v2\/users\/1"}],"replies":[{"embeddable":true,"href":"https:\/\/ap7.be\/index.php\/wp-json\/wp\/v2\/comments?post=110"}],"version-history":[{"count":65,"href":"https:\/\/ap7.be\/index.php\/wp-json\/wp\/v2\/pages\/110\/revisions"}],"predecessor-version":[{"id":2476,"href":"https:\/\/ap7.be\/index.php\/wp-json\/wp\/v2\/pages\/110\/revisions\/2476"}],"wp:featuredmedia":[{"embeddable":true,"href":"https:\/\/ap7.be\/index.php\/wp-json\/wp\/v2\/media\/1597"}],"wp:attachment":[{"href":"https:\/\/ap7.be\/index.php\/wp-json\/wp\/v2\/media?parent=110"}],"curies":[{"name":"wp","href":"https:\/\/api.w.org\/{rel}","templated":true}]}}